{"id":65,"date":"2022-01-28T14:16:40","date_gmt":"2022-01-28T14:16:40","guid":{"rendered":"https:\/\/ww2.ipa-linate.it\/?page_id=65"},"modified":"2022-01-28T14:16:40","modified_gmt":"2022-01-28T14:16:40","slug":"card-convenzioni","status":"publish","type":"page","link":"https:\/\/www.ipa-linate.it\/?page_id=65","title":{"rendered":"Card Convenzioni"},"content":{"rendered":"<p>[et_pb_section fb_built=&#8221;1&#8243; theme_builder_area=&#8221;post_content&#8221; specialty=&#8221;on&#8221; _builder_version=&#8221;4.14.7&#8243; _module_preset=&#8221;default&#8221;][et_pb_column type=&#8221;2_3&#8243; specialty_columns=&#8221;2&#8243; theme_builder_area=&#8221;post_content&#8221;][et_pb_row_inner _builder_version=&#8221;4.14.7&#8243; _module_preset=&#8221;default&#8221; theme_builder_area=&#8221;post_content&#8221;][et_pb_column_inner saved_specialty_column_type=&#8221;2_3&#8243; _builder_version=&#8221;4.14.7&#8243; _module_preset=&#8221;default&#8221; theme_builder_area=&#8221;post_content&#8221;][et_pb_testimonial quote_icon_color=&#8221;#0c71c3&#8243; _builder_version=&#8221;4.14.7&#8243; hover_enabled=&#8221;0&#8243; global_colors_info=&#8221;{}&#8221; theme_builder_area=&#8221;post_content&#8221; sticky_enabled=&#8221;0&#8243;]<\/p>\n<h1 class=\"entry-title\" style=\"text-align: center;\">CARD Convenzioni<\/h1>\n<div class=\"entry-content\">\n<p style=\"text-align: center;\">Gentile socio, collaboratore, collegato, familiare,<\/p>\n<p style=\"text-align: center;\">desideriamo informarLa che i Suoi dati personali saranno utilizzati da parte del Comitato Locale I.P.A. di Como al fine di rilasciare la \u201cCARD CONVENZIONI\u201d che potr\u00e0 essere usata per usufruire delle agevolazioni in essere nelle convenzioni stipulate dal nostro comitato e presenti nel sito <a href=\"https:\/\/www.ipa-como.it\">www.ipa-como.it<\/a>.<\/p>\n<p style=\"text-align: center;\">Il suo indirizzo di posta elettronica verr\u00e0 utilizzato per le comunicazioni da parte della nostra Segreteria I.P.A. Como e per le ulteriori convenzioni che verranno stipulate, oltre a segnalare gli eventi, le manifestazioni, le promozioni e le offerte speciali che ci verranno sottoposte, in ogni caso al solo fine di invio di materiale pubblicitario.<\/p>\n<p style=\"text-align: center;\">La \u201cCARD CONVENZIONI\u201d ha validit\u00e0 annuale, con scadenza al 31.12.2014 e verr\u00e0 rinnovata con le stesse modalit\u00e0 a condizione che il Socio IPA (relativo familiare), il Collaboratore (Azienda, dipendenti, familiari), il Collegato (Associazioni amiche, collaboratori, familiari) siano in regola con l\u2019iscrizione all\u2019I.P.A. oppure che rinnovino la Collaborazione con il nostro Comitato Locale I.P.A. Como.<\/p>\n<p style=\"text-align: center;\">La \u201cCARD CONVENZIONI\u201d sar\u00e0 \u201cGRATUITA\u201d e verranno comunicate le modalit\u00e0 per il ritiro, una volta compilato il modulo.<\/p>\n<p style=\"text-align: center;\"><a href=\"http:\/\/www.ipa-como.it\/convenzioni-card-soci\/\">Sezione Soci<\/a>\u00a0\u2013\u00a0<a href=\"http:\/\/www.ipa-como.it\/convenzioni-card-soci\/\">Sezione Collaboratori<\/a><\/p>\n<\/div>\n<p>[\/et_pb_testimonial][\/et_pb_column_inner][\/et_pb_row_inner][\/et_pb_column][et_pb_column type=&#8221;1_3&#8243; theme_builder_area=&#8221;post_content&#8221;][et_pb_sidebar _builder_version=&#8221;4.14.7&#8243; _module_preset=&#8221;default&#8221; theme_builder_area=&#8221;post_content&#8221; hover_enabled=&#8221;0&#8243; sticky_enabled=&#8221;0&#8243;][\/et_pb_sidebar][\/et_pb_column][\/et_pb_section]<\/p>\n","protected":false},"excerpt":{"rendered":"<p>CARD Convenzioni Gentile socio, collaboratore, collegato, familiare, desideriamo informarLa che i Suoi dati personali saranno utilizzati da parte del Comitato Locale I.P.A. di Como al fine di rilasciare la \u201cCARD CONVENZIONI\u201d che potr\u00e0 essere usata per usufruire delle agevolazioni in essere nelle convenzioni stipulate dal nostro comitato e presenti nel sito www.ipa-como.it. Il suo indirizzo [&hellip;]<\/p>\n","protected":false},"author":1,"featured_media":0,"parent":0,"menu_order":0,"comment_status":"closed","ping_status":"closed","template":"","meta":{"_et_pb_use_builder":"on","_et_pb_old_content":"","_et_gb_content_width":"","footnotes":""},"class_list":["post-65","page","type-page","status-publish","hentry"],"_links":{"self":[{"href":"https:\/\/www.ipa-linate.it\/index.php?rest_route=\/wp\/v2\/pages\/65","targetHints":{"allow":["GET"]}}],"collection":[{"href":"https:\/\/www.ipa-linate.it\/index.php?rest_route=\/wp\/v2\/pages"}],"about":[{"href":"https:\/\/www.ipa-linate.it\/index.php?rest_route=\/wp\/v2\/types\/page"}],"author":[{"embeddable":true,"href":"https:\/\/www.ipa-linate.it\/index.php?rest_route=\/wp\/v2\/users\/1"}],"replies":[{"embeddable":true,"href":"https:\/\/www.ipa-linate.it\/index.php?rest_route=%2Fwp%2Fv2%2Fcomments&post=65"}],"version-history":[{"count":2,"href":"https:\/\/www.ipa-linate.it\/index.php?rest_route=\/wp\/v2\/pages\/65\/revisions"}],"predecessor-version":[{"id":68,"href":"https:\/\/www.ipa-linate.it\/index.php?rest_route=\/wp\/v2\/pages\/65\/revisions\/68"}],"wp:attachment":[{"href":"https:\/\/www.ipa-linate.it\/index.php?rest_route=%2Fwp%2Fv2%2Fmedia&parent=65"}],"curies":[{"name":"wp","href":"https:\/\/api.w.org\/{rel}","templated":true}]}}