{"id":10,"date":"2022-01-28T10:30:48","date_gmt":"2022-01-28T10:30:48","guid":{"rendered":"https:\/\/ww2.ipa-linate.it\/?page_id=10"},"modified":"2022-01-28T13:58:09","modified_gmt":"2022-01-28T13:58:09","slug":"homepage","status":"publish","type":"page","link":"https:\/\/www.ipa-linate.it\/","title":{"rendered":"Homepage"},"content":{"rendered":"<p>[et_pb_section fb_built=&#8221;1&#8243; specialty=&#8221;on&#8221; _builder_version=&#8221;4.14.7&#8243; _module_preset=&#8221;default&#8221; custom_margin=&#8221;-50px||||false|false&#8221; global_colors_info=&#8221;{}&#8221;][et_pb_column type=&#8221;2_3&#8243; specialty_columns=&#8221;2&#8243; _builder_version=&#8221;3.25&#8243; custom_padding=&#8221;|||&#8221; global_colors_info=&#8221;{}&#8221; custom_padding__hover=&#8221;|||&#8221;][et_pb_row_inner _builder_version=&#8221;3.25&#8243; background_size=&#8221;initial&#8221; background_position=&#8221;top_left&#8221; background_repeat=&#8221;repeat&#8221; global_colors_info=&#8221;{}&#8221;][et_pb_column_inner saved_specialty_column_type=&#8221;2_3&#8243; _builder_version=&#8221;3.25&#8243; custom_padding=&#8221;|||&#8221; global_colors_info=&#8221;{}&#8221; custom_padding__hover=&#8221;|||&#8221;][et_pb_testimonial portrait_url=&#8221;https:\/\/ww2.ipa-linate.it\/wp-content\/uploads\/2022\/01\/favicon-ipa-linate.jpg&#8221; quote_icon_color=&#8221;#0c71c3&#8243; admin_label=&#8221;TESTO INIZIALE&#8221; _builder_version=&#8221;4.14.7&#8243; hover_enabled=&#8221;0&#8243; global_colors_info=&#8221;{}&#8221; title_text=&#8221;favicon-ipa-linate&#8221; sticky_enabled=&#8221;0&#8243;]<\/p>\n<p style=\"text-align: left;\">Carissimi, Soci e familiari, Collaboratori (Convenzionati \u2013 dipendenti \u2013 familiari) e Collegati (Associazioni Amiche \u2013 familiari), questo sito vuol dare la possibilit\u00e0 a tutti Voi di raggiungerci con maggiore facilit\u00e0 e rapidit\u00e0, di trovare le informazioni utili e le attivit\u00e0 svolte dalla nostra Associazione, di usufruire delle opportunit\u00e0 riservate a tutti Noi, di partecipare agli eventi, alle gite ed alle manifestazioni.\u00a0Siamo a disposizione per qualsiasi informazione, suggerimenti e comunicazioni,<\/p>\n<p>[\/et_pb_testimonial][et_pb_image src=&#8221;https:\/\/ww2.ipa-linate.it\/wp-content\/uploads\/2022\/01\/unnamed.jpg&#8221; title_text=&#8221;unnamed&#8221; align=&#8221;center&#8221; align_tablet=&#8221;center&#8221; align_phone=&#8221;center&#8221; align_last_edited=&#8221;on|desktop&#8221; _builder_version=&#8221;4.14.7&#8243; always_center_on_mobile=&#8221;on&#8221; global_colors_info=&#8221;{}&#8221;][\/et_pb_image][et_pb_text _builder_version=&#8221;3.27.4&#8243; global_colors_info=&#8221;{}&#8221;]<\/p>\n<blockquote>\n<p>&nbsp;<\/p>\n<blockquote>\n<table class=\"m_4713113591849455528mce-item-table\" width=\"100%\" cellspacing=\"0\" cellpadding=\"0\" bgcolor=\"#fffbd9\">\n<tbody>\n<tr>\n<td valign=\"top\">\n<table class=\"m_4713113591849455528ox-4214961b05-rtable m_4713113591849455528mce-item-table\" border=\"0\" width=\"800\" cellspacing=\"0\" cellpadding=\"0\" align=\"center\">\n<tbody>\n<tr>\n<td class=\"m_4713113591849455528ox-4214961b05-contenttd\">\n<table class=\"m_4713113591849455528mce-item-table\" cellspacing=\"0\" cellpadding=\"0\" align=\"left\">\n<tbody>\n<tr>\n<th class=\"m_4713113591849455528ox-4214961b05-contenttd\">\n<p align=\"left\"><strong>Mallorca Football Tournaments<\/strong><br \/>Tel: 0031-653-333083<br \/>Fax: 0049-2874-9017765<br \/>Website:&nbsp;<a href=\"http:\/\/www.mallorca-tournament.com\/\" target=\"_blank\" rel=\"noopener\">www.mallorca-tournament.com<\/a><br \/>Email:&nbsp;<a href=\"mailto:info@mallorca-tournament.com\" target=\"_blank\" rel=\"noopener\">info@mallorca-tournament.com<\/a><\/p>\n<\/th>\n<\/tr>\n<\/tbody>\n<\/table>\n<\/td>\n<\/tr>\n<\/tbody>\n<\/table>\n<\/td>\n<\/tr>\n<\/tbody>\n<\/table>\n<\/blockquote>\n<table class=\"m_4713113591849455528mce-item-table\" width=\"100%\" cellspacing=\"0\" cellpadding=\"0\" bgcolor=\"#fffbd9\">\n<tbody>\n<tr>\n<td valign=\"top\">\n<table class=\"m_4713113591849455528ox-4214961b05-rtable m_4713113591849455528mce-item-table\" border=\"0\" width=\"800\" cellspacing=\"0\" cellpadding=\"0\" align=\"center\">\n<tbody>\n<tr>\n<td class=\"m_4713113591849455528ox-4214961b05-contenttd\">\n<table class=\"m_4713113591849455528mce-item-table\" cellspacing=\"0\" cellpadding=\"0\" align=\"left\">\n<tbody>\n<tr>\n<th class=\"m_4713113591849455528ox-4214961b05-contenttd\">\n<p align=\"justify\"><strong>2-6 maggio 2019 al Santa Ponsa<\/strong><\/p>\n<\/th>\n<\/tr>\n<\/tbody>\n<\/table>\n<\/td>\n<\/tr>\n<tr>\n<td class=\"m_4713113591849455528ox-4214961b05-contenttd\">\n<table class=\"m_4713113591849455528mce-item-table\" cellspacing=\"0\" cellpadding=\"0\" align=\"left\">\n<tbody>\n<tr class=\"m_4713113591849455528ox-4214961b05-hiddentds\">\n<td>&nbsp;<\/td>\n<\/tr>\n<tr>\n<th class=\"m_4713113591849455528ox-4214961b05-contenttd\">\n<p align=\"left\"><strong>2019 Torneo di calcio Maiorca per i dipendenti pubblici<\/strong><\/p>\n<table class=\"m_4713113591849455528ox-4214961b05-imgtable m_4713113591849455528mce-item-table\" border=\"0\" cellspacing=\"0\" cellpadding=\"0\" align=\"left\">\n<tbody>\n<tr>\n<td align=\"center\">\n<table class=\"m_4713113591849455528mce-item-table\" border=\"0\" cellspacing=\"0\" cellpadding=\"0\">\n<tbody>\n<tr>\n<td><img loading=\"lazy\" decoding=\"async\" class=\"CToWUd\" src=\"https:\/\/ww2.ipa-linate.it\/wp-content\/uploads\/2022\/01\/E198FBBD-F329-310A-6839-B7B320CF1EA4_Image_2_df31ca9d-0f6c-4483-9958-cf0dcdd36dcf.jpg\" alt=\"Football Tournament in Mallorca\" width=\"250\" height=\"373\" hspace=\"0\"><\/td>\n<\/tr>\n<\/tbody>\n<\/table>\n<\/td>\n<\/tr>\n<\/tbody>\n<\/table>\n<p align=\"left\">Gentili Colleghi,<\/p>\n<p align=\"left\">\u00c8 con immenso piacere che vi trasmettiamo le tanto attese informazioni in merito al 8\u00b0 torneo di calcetto di Maiorca. Il torneo di Maiorca \u00e8 stato organizzato dall\u2019esperta organizzazione Mallorca Football Events in collaborazione con il nostro partner Viajes Adramar e con il totale sostegno del Calvia Council e dell\u2019Ufficio del Turismo di Maiorca. \u00c8 pertanto un grande onore invitare la vostra squadra di calcetto a partecipare al torneo Maiorca 2019.<br \/>&nbsp;<br \/><strong>Il torneo di calcetto Maiorca si svolger\u00e0 da gioved\u00ec&nbsp;2 maggio a luned\u00ec&nbsp;6 maggio 2019 incluso presso il famoso e simpatico resort di Santa Ponsa.<\/strong><\/p>\n<p align=\"left\"><strong>Chi pu\u00f2 partecipare:<\/strong>&nbsp;Agenti di polizia, vigili del fuoco, doganieri, personale militare, finanzieri, personale del Ministero degli Interni, impiegati statali, provinciali o municipali, dipendenti provenienti da ministeri vari e invitati speciali dell\u2019organizzazione.<\/p>\n<blockquote>\n<table class=\"m_4713113591849455528mce-item-table\" width=\"100%\" cellspacing=\"0\" cellpadding=\"0\" bgcolor=\"#fffbd9\">\n<tbody>\n<tr>\n<td valign=\"top\">\n<table class=\"m_4713113591849455528ox-4214961b05-rtable m_4713113591849455528mce-item-table\" border=\"0\" width=\"800\" cellspacing=\"0\" cellpadding=\"0\" align=\"center\">\n<tbody>\n<tr>\n<td class=\"m_4713113591849455528ox-4214961b05-contenttd\">\n<p>&nbsp;<\/p>\n<table class=\"m_4713113591849455528mce-item-table\" cellspacing=\"0\" cellpadding=\"0\" align=\"left\">\n<tbody>\n<tr>\n<th class=\"m_4713113591849455528ox-4214961b05-contenttd\">\n<p align=\"left\"><strong>Si effettueranno:<br \/>\u2022 Torneo maschile.<br \/>\u2022 Torneo femminile.<br \/>\u2022 Torneo maschile over 35.<br \/>\u2022 Torneo maschile over 45.<\/strong><\/p>\n<\/th>\n<\/tr>\n<\/tbody>\n<\/table>\n<\/td>\n<\/tr>\n<\/tbody>\n<\/table>\n<\/td>\n<\/tr>\n<\/tbody>\n<\/table>\n<\/blockquote>\n<\/th>\n<\/tr>\n<\/tbody>\n<\/table>\n<\/td>\n<\/tr>\n<\/tbody>\n<\/table>\n<\/td>\n<\/tr>\n<\/tbody>\n<\/table>\n<\/blockquote>\n<p>[\/et_pb_text][\/et_pb_column_inner][\/et_pb_row_inner][\/et_pb_column][et_pb_column type=&#8221;1_3&#8243; _builder_version=&#8221;3.25&#8243; custom_padding=&#8221;|||&#8221; global_colors_info=&#8221;{}&#8221; custom_padding__hover=&#8221;|||&#8221;][et_pb_sidebar _builder_version=&#8221;4.14.7&#8243; _module_preset=&#8221;default&#8221; global_colors_info=&#8221;{}&#8221;][\/et_pb_sidebar][\/et_pb_column][\/et_pb_section]<\/p>\n","protected":false},"excerpt":{"rendered":"<p>Carissimi, Soci e familiari, Collaboratori (Convenzionati \u2013 dipendenti \u2013 familiari) e Collegati (Associazioni Amiche \u2013 familiari), questo sito vuol dare la possibilit\u00e0 a tutti Voi di raggiungerci con maggiore facilit\u00e0 e rapidit\u00e0, di trovare le informazioni utili e le attivit\u00e0 svolte dalla nostra Associazione, di usufruire delle opportunit\u00e0 riservate a tutti Noi, di partecipare agli [&hellip;]<\/p>\n","protected":false},"author":1,"featured_media":0,"parent":0,"menu_order":0,"comment_status":"closed","ping_status":"closed","template":"","meta":{"_et_pb_use_builder":"on","_et_pb_old_content":"","_et_gb_content_width":"","footnotes":""},"class_list":["post-10","page","type-page","status-publish","hentry"],"_links":{"self":[{"href":"https:\/\/www.ipa-linate.it\/index.php?rest_route=\/wp\/v2\/pages\/10","targetHints":{"allow":["GET"]}}],"collection":[{"href":"https:\/\/www.ipa-linate.it\/index.php?rest_route=\/wp\/v2\/pages"}],"about":[{"href":"https:\/\/www.ipa-linate.it\/index.php?rest_route=\/wp\/v2\/types\/page"}],"author":[{"embeddable":true,"href":"https:\/\/www.ipa-linate.it\/index.php?rest_route=\/wp\/v2\/users\/1"}],"replies":[{"embeddable":true,"href":"https:\/\/www.ipa-linate.it\/index.php?rest_route=%2Fwp%2Fv2%2Fcomments&post=10"}],"version-history":[{"count":4,"href":"https:\/\/www.ipa-linate.it\/index.php?rest_route=\/wp\/v2\/pages\/10\/revisions"}],"predecessor-version":[{"id":55,"href":"https:\/\/www.ipa-linate.it\/index.php?rest_route=\/wp\/v2\/pages\/10\/revisions\/55"}],"wp:attachment":[{"href":"https:\/\/www.ipa-linate.it\/index.php?rest_route=%2Fwp%2Fv2%2Fmedia&parent=10"}],"curies":[{"name":"wp","href":"https:\/\/api.w.org\/{rel}","templated":true}]}}